{"id":135,"date":"2019-06-27T12:29:44","date_gmt":"2019-06-27T10:29:44","guid":{"rendered":"https:\/\/ls-decoration.com\/?post_type=product&#038;p=135"},"modified":"2023-03-04T06:26:45","modified_gmt":"2023-03-04T05:26:45","slug":"balance-figur-baby-auf-storch","status":"publish","type":"product","link":"https:\/\/ls-decoration.com\/hu\/product\/balance-figur-baby-auf-storch\/","title":{"rendered":"Balansz figura Baba a g\u00f3ly\u00e1n"},"content":{"rendered":"","protected":false},"excerpt":{"rendered":"[fusion_youtube id=&quot;CQA5ieeWK9M&quot; alignment=&quot;&quot; width=&quot;&quot; height=&quot;&quot; autoplay=&quot;false&quot; api_params=&quot;&amp;rel=0&quot; hide_on_mobile=&quot;small-visibility,medium-visibility,large-visibility&quot; class=&quot;&quot; css_id=&quot;&quot;][\/fusion_youtube]\n<p>&nbsp;<\/p>\n<p>Modell: CIBA001<\/p>\n<p>Magass\u00e1g: 50cm<\/p>\n<p>Anyag: Polikr\u00f3mozott vas<\/p>\n<p>Gy\u00e1rt\u00e1s: K\u00e9zm\u0171ves term\u00e9k<\/p>\n<p>Le\u00edr\u00e1s: Ez a dekorat\u00edv balansz figura egy g\u00f3ly\u00e1n lovagl\u00f3 kisbab\u00e1t \/ kisgyermeket \u00e1br\u00e1zol.<\/p>\n<p>Sz\u00e9p aj\u00e1nd\u00e9k sz\u00fclet\u00e9sre.<\/p>","protected":false},"featured_media":66,"template":"","meta":[],"product_cat":[16],"product_tag":[80,43,65],"class_list":["post-135","product","type-product","status-publish","has-post-thumbnail","hentry","product_cat-balancefiguren","product_tag-baby","product_tag-feste","product_tag-storch"],"_links":{"self":[{"href":"https:\/\/ls-decoration.com\/hu\/wp-json\/wp\/v2\/product\/135","targetHints":{"allow":["GET"]}}],"collection":[{"href":"https:\/\/ls-decoration.com\/hu\/wp-json\/wp\/v2\/product"}],"about":[{"href":"https:\/\/ls-decoration.com\/hu\/wp-json\/wp\/v2\/types\/product"}],"wp:featuredmedia":[{"embeddable":true,"href":"https:\/\/ls-decoration.com\/hu\/wp-json\/wp\/v2\/media\/66"}],"wp:attachment":[{"href":"https:\/\/ls-decoration.com\/hu\/wp-json\/wp\/v2\/media?parent=135"}],"wp:term":[{"taxonomy":"product_cat","embeddable":true,"href":"https:\/\/ls-decoration.com\/hu\/wp-json\/wp\/v2\/product_cat?post=135"},{"taxonomy":"product_tag","embeddable":true,"href":"https:\/\/ls-decoration.com\/hu\/wp-json\/wp\/v2\/product_tag?post=135"}],"curies":[{"name":"wp","href":"https:\/\/api.w.org\/{rel}","templated":true}]}}