{"id":140,"date":"2019-06-27T12:41:11","date_gmt":"2019-06-27T10:41:11","guid":{"rendered":"https:\/\/ls-decoration.com\/?post_type=product&#038;p=140"},"modified":"2023-03-04T06:26:44","modified_gmt":"2023-03-04T05:26:44","slug":"balance-figur-winzer","status":"publish","type":"product","link":"https:\/\/ls-decoration.com\/hu\/product\/balance-figur-winzer\/","title":{"rendered":"Balansz figura Bor\u00e1sz"},"content":{"rendered":"","protected":false},"excerpt":{"rendered":"[fusion_youtube id=&quot;8r2Q6IKUvZY&quot; alignment=&quot;&quot; width=&quot;&quot; height=&quot;&quot; autoplay=&quot;false&quot; api_params=&quot;&amp;rel=0&quot; hide_on_mobile=&quot;small-visibility,medium-visibility,large-visibility&quot; class=&quot;&quot; css_id=&quot;&quot;][\/fusion_youtube]\n<p>&nbsp;<\/p>\n<p>Modell: VIBA001<\/p>\n<p>Magass\u00e1g: 50cm<\/p>\n<p>Anyag: Polikr\u00f3mozott vas<\/p>\n<p>Gy\u00e1rt\u00e1s: K\u00e9zm\u0171ves term\u00e9k<\/p>\n<p>Le\u00edr\u00e1s: Ez a dekorat\u00edv balansz figura egy sz\u00fcretel\u0151 bor\u00e1szt mutat. Sz\u00e9p aj\u00e1nd\u00e9k minden boriv\u00f3 sz\u00e1m\u00e1ra.<\/p>","protected":false},"featured_media":99,"template":"","meta":[],"product_cat":[16],"product_tag":[52,85],"class_list":["post-140","product","type-product","status-publish","has-post-thumbnail","hentry","product_cat-balancefiguren","product_tag-berufe","product_tag-winzer"],"_links":{"self":[{"href":"https:\/\/ls-decoration.com\/hu\/wp-json\/wp\/v2\/product\/140","targetHints":{"allow":["GET"]}}],"collection":[{"href":"https:\/\/ls-decoration.com\/hu\/wp-json\/wp\/v2\/product"}],"about":[{"href":"https:\/\/ls-decoration.com\/hu\/wp-json\/wp\/v2\/types\/product"}],"wp:featuredmedia":[{"embeddable":true,"href":"https:\/\/ls-decoration.com\/hu\/wp-json\/wp\/v2\/media\/99"}],"wp:attachment":[{"href":"https:\/\/ls-decoration.com\/hu\/wp-json\/wp\/v2\/media?parent=140"}],"wp:term":[{"taxonomy":"product_cat","embeddable":true,"href":"https:\/\/ls-decoration.com\/hu\/wp-json\/wp\/v2\/product_cat?post=140"},{"taxonomy":"product_tag","embeddable":true,"href":"https:\/\/ls-decoration.com\/hu\/wp-json\/wp\/v2\/product_tag?post=140"}],"curies":[{"name":"wp","href":"https:\/\/api.w.org\/{rel}","templated":true}]}}