{"id":141,"date":"2019-06-27T12:43:04","date_gmt":"2019-06-27T10:43:04","guid":{"rendered":"https:\/\/ls-decoration.com\/?post_type=product&#038;p=141"},"modified":"2023-03-04T06:26:43","modified_gmt":"2023-03-04T05:26:43","slug":"balance-figur-weihnachtsmann-auf-tannenbaum","status":"publish","type":"product","link":"https:\/\/ls-decoration.com\/hu\/product\/balance-figur-weihnachtsmann-auf-tannenbaum\/","title":{"rendered":"Balansz figura Mikul\u00e1s a feny\u0151f\u00e1n"},"content":{"rendered":"","protected":false},"excerpt":{"rendered":"[fusion_youtube id=&quot;7NXWIdrHjWE&quot; alignment=&quot;&quot; width=&quot;&quot; height=&quot;&quot; autoplay=&quot;false&quot; api_params=&quot;&amp;rel=0&quot; hide_on_mobile=&quot;small-visibility,medium-visibility,large-visibility&quot; class=&quot;&quot; css_id=&quot;&quot;][\/fusion_youtube]\n<p>&nbsp;<\/p>\n<p>Modell: PEBA003<\/p>\n<p>Magass\u00e1g: 50cm<\/p>\n<p>Anyag: Polikr\u00f3mozott vas<\/p>\n<p>Gy\u00e1rt\u00e1s: K\u00e9zm\u0171ves term\u00e9k<\/p>\n<p>Le\u00edr\u00e1s: Ez a dekorat\u00edv balansz figura a Mikul\u00e1s jelen\u00edti meg s\u00edl\u00e9cekkel egy feny\u0151f\u00e1n. A h\u00e1t\u00e1n egy kos\u00e1r tele sz\u00ednes aj\u00e1nd\u00e9kokkal.<\/p>\n<p>Dekorat\u00edv aj\u00e1nd\u00e9k a kar\u00e1csonyra.<\/p>","protected":false},"featured_media":97,"template":"","meta":[],"product_cat":[16],"product_tag":[43,42],"class_list":["post-141","product","type-product","status-publish","has-post-thumbnail","hentry","product_cat-balancefiguren","product_tag-feste","product_tag-weihnachten"],"_links":{"self":[{"href":"https:\/\/ls-decoration.com\/hu\/wp-json\/wp\/v2\/product\/141","targetHints":{"allow":["GET"]}}],"collection":[{"href":"https:\/\/ls-decoration.com\/hu\/wp-json\/wp\/v2\/product"}],"about":[{"href":"https:\/\/ls-decoration.com\/hu\/wp-json\/wp\/v2\/types\/product"}],"wp:featuredmedia":[{"embeddable":true,"href":"https:\/\/ls-decoration.com\/hu\/wp-json\/wp\/v2\/media\/97"}],"wp:attachment":[{"href":"https:\/\/ls-decoration.com\/hu\/wp-json\/wp\/v2\/media?parent=141"}],"wp:term":[{"taxonomy":"product_cat","embeddable":true,"href":"https:\/\/ls-decoration.com\/hu\/wp-json\/wp\/v2\/product_cat?post=141"},{"taxonomy":"product_tag","embeddable":true,"href":"https:\/\/ls-decoration.com\/hu\/wp-json\/wp\/v2\/product_tag?post=141"}],"curies":[{"name":"wp","href":"https:\/\/api.w.org\/{rel}","templated":true}]}}