{"id":142,"date":"2019-06-27T12:45:00","date_gmt":"2019-06-27T10:45:00","guid":{"rendered":"https:\/\/ls-decoration.com\/?post_type=product&#038;p=142"},"modified":"2023-03-04T06:26:43","modified_gmt":"2023-03-04T05:26:43","slug":"balance-figur-pierrot-auf-dem-mond","status":"publish","type":"product","link":"https:\/\/ls-decoration.com\/hu\/product\/balance-figur-pierrot-auf-dem-mond\/","title":{"rendered":"Balansz figura Pierrot a Holdon"},"content":{"rendered":"","protected":false},"excerpt":{"rendered":"[fusion_youtube id=&quot;3_BTTHh4ddA&quot; alignment=&quot;&quot; width=&quot;&quot; height=&quot;&quot; autoplay=&quot;false&quot; api_params=&quot;&amp;rel=0&quot; hide_on_mobile=&quot;small-visibility,medium-visibility,large-visibility&quot; class=&quot;&quot; css_id=&quot;&quot;][\/fusion_youtube]\n<p>&nbsp;<\/p>\n<p>Modell: PIBA001<\/p>\n<p>Magass\u00e1g: 55cm<\/p>\n<p>Anyag: Polikr\u00f3mozott vas<\/p>\n<p>Gy\u00e1rt\u00e1s: K\u00e9zm\u0171ves term\u00e9k<\/p>\n<p>Le\u00edr\u00e1s: Enn\u00e9l a dekorat\u00edv balansz figur\u00e1n\u00e1l Pierrot j\u00e1tszik a holdon \u00fclve egy lanton. Sz\u00e9p aj\u00e1nd\u00e9k minden alkalomra.<\/p>","protected":false},"featured_media":82,"template":"","meta":[],"product_cat":[16],"product_tag":[119,81,86],"class_list":["post-142","product","type-product","status-publish","has-post-thumbnail","hentry","product_cat-balancefiguren","product_tag-klassiker","product_tag-mond","product_tag-pierrot"],"_links":{"self":[{"href":"https:\/\/ls-decoration.com\/hu\/wp-json\/wp\/v2\/product\/142","targetHints":{"allow":["GET"]}}],"collection":[{"href":"https:\/\/ls-decoration.com\/hu\/wp-json\/wp\/v2\/product"}],"about":[{"href":"https:\/\/ls-decoration.com\/hu\/wp-json\/wp\/v2\/types\/product"}],"wp:featuredmedia":[{"embeddable":true,"href":"https:\/\/ls-decoration.com\/hu\/wp-json\/wp\/v2\/media\/82"}],"wp:attachment":[{"href":"https:\/\/ls-decoration.com\/hu\/wp-json\/wp\/v2\/media?parent=142"}],"wp:term":[{"taxonomy":"product_cat","embeddable":true,"href":"https:\/\/ls-decoration.com\/hu\/wp-json\/wp\/v2\/product_cat?post=142"},{"taxonomy":"product_tag","embeddable":true,"href":"https:\/\/ls-decoration.com\/hu\/wp-json\/wp\/v2\/product_tag?post=142"}],"curies":[{"name":"wp","href":"https:\/\/api.w.org\/{rel}","templated":true}]}}