{"id":143,"date":"2019-06-27T12:47:09","date_gmt":"2019-06-27T10:47:09","guid":{"rendered":"https:\/\/ls-decoration.com\/?post_type=product&#038;p=143"},"modified":"2023-03-04T06:26:12","modified_gmt":"2023-03-04T05:26:12","slug":"balance-figur-affe-mit-violine","status":"publish","type":"product","link":"https:\/\/ls-decoration.com\/hu\/product\/balance-figur-affe-mit-violine\/","title":{"rendered":"Balansz figura Majom heged\u0171vel"},"content":{"rendered":"","protected":false},"excerpt":{"rendered":"[fusion_youtube id=&quot;0pWa9s61MtY&quot; alignment=&quot;&quot; width=&quot;&quot; height=&quot;&quot; autoplay=&quot;false&quot; api_params=&quot;&amp;rel=0&quot; hide_on_mobile=&quot;small-visibility,medium-visibility,large-visibility&quot; class=&quot;&quot; css_id=&quot;&quot;][\/fusion_youtube]\n<p>&nbsp;<\/p>\n<p>Modell: SIBA001<\/p>\n<p>Magass\u00e1g: 50cm<\/p>\n<p>Anyag: Polikr\u00f3mozott vas<\/p>\n<p>Gy\u00e1rt\u00e1s: K\u00e9zm\u0171ves term\u00e9k<\/p>\n<p>Le\u00edr\u00e1s: Enn\u00e9l a balansz figur\u00e1n\u00e1l egy majom heged\u0171l. Ide\u00e1lis dekor\u00e1ci\u00f3 a zeneszob\u00e1kba vagy gyerekszob\u00e1kba.<\/p>","protected":false},"featured_media":40,"template":"","meta":[],"product_cat":[16],"product_tag":[87,88,63,115],"class_list":["post-143","product","type-product","status-publish","has-post-thumbnail","hentry","product_cat-balancefiguren","product_tag-affe","product_tag-geigenspieler","product_tag-musik","product_tag-tanz"],"_links":{"self":[{"href":"https:\/\/ls-decoration.com\/hu\/wp-json\/wp\/v2\/product\/143","targetHints":{"allow":["GET"]}}],"collection":[{"href":"https:\/\/ls-decoration.com\/hu\/wp-json\/wp\/v2\/product"}],"about":[{"href":"https:\/\/ls-decoration.com\/hu\/wp-json\/wp\/v2\/types\/product"}],"wp:featuredmedia":[{"embeddable":true,"href":"https:\/\/ls-decoration.com\/hu\/wp-json\/wp\/v2\/media\/40"}],"wp:attachment":[{"href":"https:\/\/ls-decoration.com\/hu\/wp-json\/wp\/v2\/media?parent=143"}],"wp:term":[{"taxonomy":"product_cat","embeddable":true,"href":"https:\/\/ls-decoration.com\/hu\/wp-json\/wp\/v2\/product_cat?post=143"},{"taxonomy":"product_tag","embeddable":true,"href":"https:\/\/ls-decoration.com\/hu\/wp-json\/wp\/v2\/product_tag?post=143"}],"curies":[{"name":"wp","href":"https:\/\/api.w.org\/{rel}","templated":true}]}}