{"id":144,"date":"2019-06-27T12:48:55","date_gmt":"2019-06-27T10:48:55","guid":{"rendered":"https:\/\/ls-decoration.com\/?post_type=product&#038;p=144"},"modified":"2023-03-04T06:26:12","modified_gmt":"2023-03-04T05:26:12","slug":"balance-figur-teddybaer-auf-ski","status":"publish","type":"product","link":"https:\/\/ls-decoration.com\/hu\/product\/balance-figur-teddybaer-auf-ski\/","title":{"rendered":"Balance figura S\u00edel\u0151 mack\u00f3"},"content":{"rendered":"","protected":false},"excerpt":{"rendered":"[fusion_youtube id = &quot;0AKOCV7RgRI&quot; alignment = &quot;&quot; width = &quot;&quot; height = &quot;&quot; autoplay = &quot;false&quot; api_params = &quot;&amp; rel = 0&quot; hide_on_mobile = &quot;kis l\u00e1that\u00f3s\u00e1g, k\u00f6zepes l\u00e1that\u00f3s\u00e1g, nagy l\u00e1that\u00f3s\u00e1g&quot; class = &quot; &quot;css_id =&quot; &quot;] [\/ fusion_youtube]\n<p>&nbsp;<\/p>\n<p>Modell: OUBA001<\/p>\n<p>Magass\u00e1g: 50cm<\/p>\n<p>Anyag: Polikr\u00f3mozott vas<\/p>\n<p>Gy\u00e1rt\u00e1s: K\u00e9zm\u0171ves term\u00e9k<\/p>\n<p>Le\u00edr\u00e1s: Ez a dekorat\u00edv balansz figura egy mack\u00f3t mutat s\u00edl\u00e9cen. Ide\u00e1lis gyerekszoba dekor\u00e1ci\u00f3j\u00e1hoz.<\/p>","protected":false},"featured_media":95,"template":"","meta":[],"product_cat":[16],"product_tag":[74,89,35],"class_list":["post-144","product","type-product","status-publish","has-post-thumbnail","hentry","product_cat-balancefiguren","product_tag-baer","product_tag-ski","product_tag-sport"],"_links":{"self":[{"href":"https:\/\/ls-decoration.com\/hu\/wp-json\/wp\/v2\/product\/144","targetHints":{"allow":["GET"]}}],"collection":[{"href":"https:\/\/ls-decoration.com\/hu\/wp-json\/wp\/v2\/product"}],"about":[{"href":"https:\/\/ls-decoration.com\/hu\/wp-json\/wp\/v2\/types\/product"}],"wp:featuredmedia":[{"embeddable":true,"href":"https:\/\/ls-decoration.com\/hu\/wp-json\/wp\/v2\/media\/95"}],"wp:attachment":[{"href":"https:\/\/ls-decoration.com\/hu\/wp-json\/wp\/v2\/media?parent=144"}],"wp:term":[{"taxonomy":"product_cat","embeddable":true,"href":"https:\/\/ls-decoration.com\/hu\/wp-json\/wp\/v2\/product_cat?post=144"},{"taxonomy":"product_tag","embeddable":true,"href":"https:\/\/ls-decoration.com\/hu\/wp-json\/wp\/v2\/product_tag?post=144"}],"curies":[{"name":"wp","href":"https:\/\/api.w.org\/{rel}","templated":true}]}}