{"id":148,"date":"2019-06-27T12:55:59","date_gmt":"2019-06-27T10:55:59","guid":{"rendered":"https:\/\/ls-decoration.com\/?post_type=product&#038;p=148"},"modified":"2023-03-04T06:26:11","modified_gmt":"2023-03-04T05:26:11","slug":"pendelfigur-kuh-mit-schwein-und-hahn","status":"publish","type":"product","link":"https:\/\/ls-decoration.com\/hu\/product\/pendelfigur-kuh-mit-schwein-und-hahn\/","title":{"rendered":"Egyens\u00falyoz\u00f3 figura Teh\u00e9n, sert\u00e9s \u00e9s kakas"},"content":{"rendered":"","protected":false},"excerpt":{"rendered":"[fusion_youtube id=&quot;q_NAcZehgvE&quot; alignment=&quot;&quot; width=&quot;&quot; height=&quot;&quot; autoplay=&quot;false&quot; api_params=&quot;&amp;rel=0&quot; hide_on_mobile=&quot;small-visibility,medium-visibility,large-visibility&quot; class=&quot;&quot; css_id=&quot;&quot;][\/fusion_youtube]\n<p>&nbsp;<\/p>\n<p>Modell: BAAN001<\/p>\n<p>Magass\u00e1g: 35cm<\/p>\n<p>Anyag: Polikr\u00f3mozott vas<\/p>\n<p>Gy\u00e1rt\u00e1s: K\u00e9zm\u0171ves term\u00e9k<\/p>\n<p>Le\u00edr\u00e1s: Ebben a dekorat\u00edv \u00e1ll\u00f3 alakban sert\u00e9s \u00e9s kakas lovagol egy teh\u00e9nen. A diszn\u00f3 \u00e9s a kakas el\u0151re-h\u00e1tra mozog, amikor megl\u00f6kik \u0151ket.<\/p>","protected":false},"featured_media":72,"template":"","meta":[],"product_cat":[16],"product_tag":[73,93,79,50,33],"class_list":["post-148","product","type-product","status-publish","has-post-thumbnail","hentry","product_cat-balancefiguren","product_tag-hahn","product_tag-kuh","product_tag-maerchenwelt","product_tag-schwein","product_tag-tiere"],"_links":{"self":[{"href":"https:\/\/ls-decoration.com\/hu\/wp-json\/wp\/v2\/product\/148","targetHints":{"allow":["GET"]}}],"collection":[{"href":"https:\/\/ls-decoration.com\/hu\/wp-json\/wp\/v2\/product"}],"about":[{"href":"https:\/\/ls-decoration.com\/hu\/wp-json\/wp\/v2\/types\/product"}],"wp:featuredmedia":[{"embeddable":true,"href":"https:\/\/ls-decoration.com\/hu\/wp-json\/wp\/v2\/media\/72"}],"wp:attachment":[{"href":"https:\/\/ls-decoration.com\/hu\/wp-json\/wp\/v2\/media?parent=148"}],"wp:term":[{"taxonomy":"product_cat","embeddable":true,"href":"https:\/\/ls-decoration.com\/hu\/wp-json\/wp\/v2\/product_cat?post=148"},{"taxonomy":"product_tag","embeddable":true,"href":"https:\/\/ls-decoration.com\/hu\/wp-json\/wp\/v2\/product_tag?post=148"}],"curies":[{"name":"wp","href":"https:\/\/api.w.org\/{rel}","templated":true}]}}