{"id":149,"date":"2019-06-27T12:58:33","date_gmt":"2019-06-27T10:58:33","guid":{"rendered":"https:\/\/ls-decoration.com\/?post_type=product&#038;p=149"},"modified":"2023-03-04T06:26:11","modified_gmt":"2023-03-04T05:26:11","slug":"ziehfigur-clown-und-schwein","status":"publish","type":"product","link":"https:\/\/ls-decoration.com\/hu\/product\/ziehfigur-clown-und-schwein\/","title":{"rendered":"H\u00fazogat\u00f3s j\u00e1t\u00e9k Boh\u00f3c \u00e9s diszn\u00f3"},"content":{"rendered":"","protected":false},"excerpt":{"rendered":"[fusion_youtube id=&quot;k6HsJfGUBVQ&quot; alignment=&quot;&quot; width=&quot;&quot; height=&quot;&quot; autoplay=&quot;false&quot; api_params=&quot;&amp;rel=0&quot; hide_on_mobile=&quot;small-visibility,medium-visibility,large-visibility&quot; class=&quot;&quot; css_id=&quot;&quot;][\/fusion_youtube]\n<p>&nbsp;<\/p>\n<p>Modell: CLCO001<\/p>\n<p>Magass\u00e1g: 30cm<\/p>\n<p>Hossz: 29cm<\/p>\n<p>Anyag: Polikr\u00f3mozott vas<\/p>\n<p>Gy\u00e1rt\u00e1s: K\u00e9zm\u0171ves term\u00e9k<\/p>\n<p>Le\u00edr\u00e1s: Enn\u00e9l a vasb\u00f3l k\u00e9sz\u00fclt h\u00fazogat\u00f3s j\u00e1t\u00e9kn\u00e1l egy boh\u00f3c diszn\u00f3n lovagol.<\/p>","protected":false},"featured_media":47,"template":"","meta":[],"product_cat":[129],"product_tag":[94,79,50,121],"class_list":["post-149","product","type-product","status-publish","has-post-thumbnail","hentry","product_cat-ziehfigur","product_tag-clown","product_tag-maerchenwelt","product_tag-schwein","product_tag-ziehfigur"],"_links":{"self":[{"href":"https:\/\/ls-decoration.com\/hu\/wp-json\/wp\/v2\/product\/149","targetHints":{"allow":["GET"]}}],"collection":[{"href":"https:\/\/ls-decoration.com\/hu\/wp-json\/wp\/v2\/product"}],"about":[{"href":"https:\/\/ls-decoration.com\/hu\/wp-json\/wp\/v2\/types\/product"}],"wp:featuredmedia":[{"embeddable":true,"href":"https:\/\/ls-decoration.com\/hu\/wp-json\/wp\/v2\/media\/47"}],"wp:attachment":[{"href":"https:\/\/ls-decoration.com\/hu\/wp-json\/wp\/v2\/media?parent=149"}],"wp:term":[{"taxonomy":"product_cat","embeddable":true,"href":"https:\/\/ls-decoration.com\/hu\/wp-json\/wp\/v2\/product_cat?post=149"},{"taxonomy":"product_tag","embeddable":true,"href":"https:\/\/ls-decoration.com\/hu\/wp-json\/wp\/v2\/product_tag?post=149"}],"curies":[{"name":"wp","href":"https:\/\/api.w.org\/{rel}","templated":true}]}}