{"id":151,"date":"2019-06-27T13:05:41","date_gmt":"2019-06-27T11:05:41","guid":{"rendered":"https:\/\/ls-decoration.com\/?post_type=product&#038;p=151"},"modified":"2023-03-04T06:26:10","modified_gmt":"2023-03-04T05:26:10","slug":"balance-figur-sonne","status":"publish","type":"product","link":"https:\/\/ls-decoration.com\/hu\/product\/balance-figur-sonne\/","title":{"rendered":"Balansz figura Nap"},"content":{"rendered":"","protected":false},"excerpt":{"rendered":"[fusion_youtube id=&quot;g333MFg4nXs&quot; alignment=&quot;&quot; width=&quot;&quot; height=&quot;&quot; autoplay=&quot;false&quot; api_params=&quot;&amp;rel=0&quot; hide_on_mobile=&quot;small-visibility,medium-visibility,large-visibility&quot; class=&quot;&quot; css_id=&quot;&quot;][\/fusion_youtube]\n<p>&nbsp;<\/p>\n<p>Modell: SOBA001<\/p>\n<p>Magass\u00e1g: 50cm<\/p>\n<p>Anyag: Polikr\u00f3mozott vas<\/p>\n<p>Gy\u00e1rt\u00e1s: K\u00e9zm\u0171ves term\u00e9k<\/p>\n<p>Le\u00edr\u00e1s: Ez a dekorat\u00edv balansz figura egy mosolyg\u00f3s f\u00e9nyes napot \u00e1br\u00e1zol. Ing\u00e1z\u00e1s k\u00f6zben a szemek mozognak.<\/p>\n<p>Sz\u00e9p aj\u00e1nd\u00e9k minden alkalomra.<\/p>\n<p>&nbsp;<\/p>","protected":false},"featured_media":89,"template":"","meta":[],"product_cat":[16],"product_tag":[119,96],"class_list":["post-151","product","type-product","status-publish","has-post-thumbnail","hentry","product_cat-balancefiguren","product_tag-klassiker","product_tag-sonne"],"_links":{"self":[{"href":"https:\/\/ls-decoration.com\/hu\/wp-json\/wp\/v2\/product\/151","targetHints":{"allow":["GET"]}}],"collection":[{"href":"https:\/\/ls-decoration.com\/hu\/wp-json\/wp\/v2\/product"}],"about":[{"href":"https:\/\/ls-decoration.com\/hu\/wp-json\/wp\/v2\/types\/product"}],"wp:featuredmedia":[{"embeddable":true,"href":"https:\/\/ls-decoration.com\/hu\/wp-json\/wp\/v2\/media\/89"}],"wp:attachment":[{"href":"https:\/\/ls-decoration.com\/hu\/wp-json\/wp\/v2\/media?parent=151"}],"wp:term":[{"taxonomy":"product_cat","embeddable":true,"href":"https:\/\/ls-decoration.com\/hu\/wp-json\/wp\/v2\/product_cat?post=151"},{"taxonomy":"product_tag","embeddable":true,"href":"https:\/\/ls-decoration.com\/hu\/wp-json\/wp\/v2\/product_tag?post=151"}],"curies":[{"name":"wp","href":"https:\/\/api.w.org\/{rel}","templated":true}]}}