{"id":155,"date":"2019-06-27T13:15:36","date_gmt":"2019-06-27T11:15:36","guid":{"rendered":"https:\/\/ls-decoration.com\/?post_type=product&#038;p=155"},"modified":"2023-03-04T06:26:09","modified_gmt":"2023-03-04T05:26:09","slug":"balance-figur-papagei","status":"publish","type":"product","link":"https:\/\/ls-decoration.com\/hu\/product\/balance-figur-papagei\/","title":{"rendered":"Balansz figura Papag\u00e1j"},"content":{"rendered":"","protected":false},"excerpt":{"rendered":"[fusion_youtube id=&quot;X9CNwXsvlJA&quot; alignment=&quot;&quot; width=&quot;&quot; height=&quot;&quot; autoplay=&quot;false&quot; api_params=&quot;&amp;rel=0&quot; hide_on_mobile=&quot;small-visibility,medium-visibility,large-visibility&quot; class=&quot;&quot; css_id=&quot;&quot;][\/fusion_youtube]\n<p>&nbsp;<\/p>\n<p>Modell: PECU002<\/p>\n<p>Magass\u00e1g: 53cm<\/p>\n<p>Anyag: Polikr\u00f3mozott vas<\/p>\n<p>Gy\u00e1rt\u00e1s: K\u00e9zm\u0171ves term\u00e9k<\/p>\n<p>Le\u00edr\u00e1s: Ez a dekorat\u00edv balansz figura egy gy\u00f6ny\u00f6r\u0171 sz\u00ednes papag\u00e1jt form\u00e1z. Dekorat\u00edv aj\u00e1nd\u00e9k minden \u00e1llatbar\u00e1tnak.<\/p>","protected":false},"featured_media":81,"template":"","meta":[],"product_cat":[16],"product_tag":[101,33],"class_list":["post-155","product","type-product","status-publish","has-post-thumbnail","hentry","product_cat-balancefiguren","product_tag-papagei","product_tag-tiere"],"_links":{"self":[{"href":"https:\/\/ls-decoration.com\/hu\/wp-json\/wp\/v2\/product\/155","targetHints":{"allow":["GET"]}}],"collection":[{"href":"https:\/\/ls-decoration.com\/hu\/wp-json\/wp\/v2\/product"}],"about":[{"href":"https:\/\/ls-decoration.com\/hu\/wp-json\/wp\/v2\/types\/product"}],"wp:featuredmedia":[{"embeddable":true,"href":"https:\/\/ls-decoration.com\/hu\/wp-json\/wp\/v2\/media\/81"}],"wp:attachment":[{"href":"https:\/\/ls-decoration.com\/hu\/wp-json\/wp\/v2\/media?parent=155"}],"wp:term":[{"taxonomy":"product_cat","embeddable":true,"href":"https:\/\/ls-decoration.com\/hu\/wp-json\/wp\/v2\/product_cat?post=155"},{"taxonomy":"product_tag","embeddable":true,"href":"https:\/\/ls-decoration.com\/hu\/wp-json\/wp\/v2\/product_tag?post=155"}],"curies":[{"name":"wp","href":"https:\/\/api.w.org\/{rel}","templated":true}]}}