{"id":160,"date":"2019-06-27T13:32:59","date_gmt":"2019-06-27T11:32:59","guid":{"rendered":"https:\/\/ls-decoration.com\/?post_type=product&#038;p=160"},"modified":"2023-03-04T06:26:08","modified_gmt":"2023-03-04T05:26:08","slug":"pendelfigur-knappe-des-koenigs-weiss","status":"publish","type":"product","link":"https:\/\/ls-decoration.com\/hu\/product\/pendelfigur-knappe-des-koenigs-weiss\/","title":{"rendered":"Egyens\u00falyoz\u00f3 figura A kir\u00e1ly apr\u00f3dja - feh\u00e9r"},"content":{"rendered":"","protected":false},"excerpt":{"rendered":"[fusion_youtube id=&quot;PBAgICdioIo&quot; alignment=&quot;&quot; width=&quot;&quot; height=&quot;&quot; autoplay=&quot;false&quot; api_params=&quot;&amp;rel=0&quot; hide_on_mobile=&quot;small-visibility,medium-visibility,large-visibility&quot; class=&quot;&quot; css_id=&quot;&quot;][\/fusion_youtube]\n<p>&nbsp;<\/p>\n<p>Modell: ECBA011W<\/p>\n<p>Magass\u00e1g: 25m<\/p>\n<p>Hossz: 25cm<\/p>\n<p>Anyag: Polikr\u00f3mozott vas<\/p>\n<p>Gy\u00e1rt\u00e1s: K\u00e9zm\u0171ves term\u00e9k<\/p>\n<p>Le\u00edr\u00e1s: Ez a balansz figura a kir\u00e1ly sz\u00e1rnyseg\u00e9dj\u00e9t jelen\u00edti meg. A lovas mozog, amikor megl\u00f6kik.<\/p>","protected":false},"featured_media":68,"template":"","meta":[],"product_cat":[16],"product_tag":[],"class_list":["post-160","product","type-product","status-publish","has-post-thumbnail","hentry","product_cat-balancefiguren"],"_links":{"self":[{"href":"https:\/\/ls-decoration.com\/hu\/wp-json\/wp\/v2\/product\/160","targetHints":{"allow":["GET"]}}],"collection":[{"href":"https:\/\/ls-decoration.com\/hu\/wp-json\/wp\/v2\/product"}],"about":[{"href":"https:\/\/ls-decoration.com\/hu\/wp-json\/wp\/v2\/types\/product"}],"wp:featuredmedia":[{"embeddable":true,"href":"https:\/\/ls-decoration.com\/hu\/wp-json\/wp\/v2\/media\/68"}],"wp:attachment":[{"href":"https:\/\/ls-decoration.com\/hu\/wp-json\/wp\/v2\/media?parent=160"}],"wp:term":[{"taxonomy":"product_cat","embeddable":true,"href":"https:\/\/ls-decoration.com\/hu\/wp-json\/wp\/v2\/product_cat?post=160"},{"taxonomy":"product_tag","embeddable":true,"href":"https:\/\/ls-decoration.com\/hu\/wp-json\/wp\/v2\/product_tag?post=160"}],"curies":[{"name":"wp","href":"https:\/\/api.w.org\/{rel}","templated":true}]}}