{"id":161,"date":"2019-06-27T13:34:57","date_gmt":"2019-06-27T11:34:57","guid":{"rendered":"https:\/\/ls-decoration.com\/?post_type=product&#038;p=161"},"modified":"2023-03-04T06:26:08","modified_gmt":"2023-03-04T05:26:08","slug":"balance-figur-weihnachtsmann","status":"publish","type":"product","link":"https:\/\/ls-decoration.com\/hu\/product\/balance-figur-weihnachtsmann\/","title":{"rendered":"M\u00e9rleg figura Mikul\u00e1s"},"content":{"rendered":"","protected":false},"excerpt":{"rendered":"[fusion_youtube id=&quot;P-wNxJX-VY4&quot; alignment=&quot;&quot; width=&quot;&quot; height=&quot;&quot; autoplay=&quot;false&quot; api_params=&quot;&amp;rel=0&quot; hide_on_mobile=&quot;small-visibility,medium-visibility,large-visibility&quot; class=&quot;&quot; css_id=&quot;&quot;][\/fusion_youtube]\n<p>&nbsp;<\/p>\n<p>Modell sz\u00e1ma: PETO001<\/p>\n<p>Magass\u00e1g: 38cm<\/p>\n<p>Anyag: Polikr\u00f3mozott vas<\/p>\n<p>Gy\u00e1rt\u00e1s: K\u00e9zm\u0171ves term\u00e9k<\/p>\n<p>Le\u00edr\u00e1s: Ez a balansz figura egy apr\u00f3 k\u00f6rben forg\u00f3 Mikul\u00e1st mutat. Dekorat\u00edv aj\u00e1nd\u00e9k a kar\u00e1csonyi szezonra.<\/p>","protected":false},"featured_media":96,"template":"","meta":[],"product_cat":[16],"product_tag":[43,42],"class_list":["post-161","product","type-product","status-publish","has-post-thumbnail","hentry","product_cat-balancefiguren","product_tag-feste","product_tag-weihnachten"],"_links":{"self":[{"href":"https:\/\/ls-decoration.com\/hu\/wp-json\/wp\/v2\/product\/161","targetHints":{"allow":["GET"]}}],"collection":[{"href":"https:\/\/ls-decoration.com\/hu\/wp-json\/wp\/v2\/product"}],"about":[{"href":"https:\/\/ls-decoration.com\/hu\/wp-json\/wp\/v2\/types\/product"}],"wp:featuredmedia":[{"embeddable":true,"href":"https:\/\/ls-decoration.com\/hu\/wp-json\/wp\/v2\/media\/96"}],"wp:attachment":[{"href":"https:\/\/ls-decoration.com\/hu\/wp-json\/wp\/v2\/media?parent=161"}],"wp:term":[{"taxonomy":"product_cat","embeddable":true,"href":"https:\/\/ls-decoration.com\/hu\/wp-json\/wp\/v2\/product_cat?post=161"},{"taxonomy":"product_tag","embeddable":true,"href":"https:\/\/ls-decoration.com\/hu\/wp-json\/wp\/v2\/product_tag?post=161"}],"curies":[{"name":"wp","href":"https:\/\/api.w.org\/{rel}","templated":true}]}}