{"id":167,"date":"2019-06-27T13:57:11","date_gmt":"2019-06-27T11:57:11","guid":{"rendered":"https:\/\/ls-decoration.com\/?post_type=product&#038;p=167"},"modified":"2023-03-04T06:25:26","modified_gmt":"2023-03-04T05:25:26","slug":"balance-figur-engel-mit-herz","status":"publish","type":"product","link":"https:\/\/ls-decoration.com\/hu\/product\/balance-figur-engel-mit-herz\/","title":{"rendered":"Balansz figura Angyal sz\u00edvvel"},"content":{"rendered":"","protected":false},"excerpt":{"rendered":"[fusion_youtube id=&quot;ALvUaaks8Oo&quot; alignment=&quot;&quot; width=&quot;&quot; height=&quot;&quot; autoplay=&quot;false&quot; api_params=&quot;&amp;rel=0&quot; hide_on_mobile=&quot;small-visibility,medium-visibility,large-visibility&quot; class=&quot;&quot; css_id=&quot;&quot;][\/fusion_youtube]\n<p>&nbsp;<\/p>\n<p>Modell: COBA004<\/p>\n<p>Magass\u00e1g: 24cm<\/p>\n<p>Anyag: Polikr\u00f3mozott vas<\/p>\n<p>Gy\u00e1rt\u00e1s: K\u00e9zm\u0171ves term\u00e9k<\/p>\n<p>Le\u00edr\u00e1s: Ez a dekorat\u00edv balansz figura egy rep\u00fcl\u0151 angyalk\u00e1t mutat, sz\u00edvvel. Dekorat\u00edv aj\u00e1nd\u00e9k szerelmeseknek, Valentin-napra vagy esk\u00fcv\u0151re.<\/p>","protected":false},"featured_media":56,"template":"","meta":[],"product_cat":[16],"product_tag":[48,43,97,98],"class_list":["post-167","product","type-product","status-publish","has-post-thumbnail","hentry","product_cat-balancefiguren","product_tag-engel","product_tag-feste","product_tag-herz","product_tag-liebe"],"_links":{"self":[{"href":"https:\/\/ls-decoration.com\/hu\/wp-json\/wp\/v2\/product\/167","targetHints":{"allow":["GET"]}}],"collection":[{"href":"https:\/\/ls-decoration.com\/hu\/wp-json\/wp\/v2\/product"}],"about":[{"href":"https:\/\/ls-decoration.com\/hu\/wp-json\/wp\/v2\/types\/product"}],"wp:featuredmedia":[{"embeddable":true,"href":"https:\/\/ls-decoration.com\/hu\/wp-json\/wp\/v2\/media\/56"}],"wp:attachment":[{"href":"https:\/\/ls-decoration.com\/hu\/wp-json\/wp\/v2\/media?parent=167"}],"wp:term":[{"taxonomy":"product_cat","embeddable":true,"href":"https:\/\/ls-decoration.com\/hu\/wp-json\/wp\/v2\/product_cat?post=167"},{"taxonomy":"product_tag","embeddable":true,"href":"https:\/\/ls-decoration.com\/hu\/wp-json\/wp\/v2\/product_tag?post=167"}],"curies":[{"name":"wp","href":"https:\/\/api.w.org\/{rel}","templated":true}]}}