{"id":193,"date":"2019-06-28T15:21:20","date_gmt":"2019-06-28T13:21:20","guid":{"rendered":"https:\/\/ls-decoration.com\/?post_type=product&#038;p=193"},"modified":"2023-03-04T06:25:26","modified_gmt":"2023-03-04T05:25:26","slug":"ziehfigur-clown-und-widder","status":"publish","type":"product","link":"https:\/\/ls-decoration.com\/hu\/product\/ziehfigur-clown-und-widder\/","title":{"rendered":"H\u00fazogat\u00f3s j\u00e1t\u00e9k Boh\u00f3c \u00e9s kos"},"content":{"rendered":"","protected":false},"excerpt":{"rendered":"<p>Modell: CLBE001<\/p>\n<p>Magass\u00e1g: 30cm<\/p>\n<p>Hossz: 29cm<\/p>\n<p>Anyag: Polikr\u00f3mozott vas<\/p>\n<p>Gy\u00e1rt\u00e1s: K\u00e9zm\u0171ves term\u00e9k<\/p>\n<p>Le\u00edr\u00e1s: Ez a vasb\u00f3l k\u00e9sz\u00fclt h\u00fazogat\u00f3s j\u00e1t\u00e9k egy fekete koson lovagl\u00f3 boh\u00f3cot \u00e1br\u00e1zol.<\/p>","protected":false},"featured_media":194,"template":"","meta":[],"product_cat":[129],"product_tag":[94,79,112,121],"class_list":["post-193","product","type-product","status-publish","has-post-thumbnail","hentry","product_cat-ziehfigur","product_tag-clown","product_tag-maerchenwelt","product_tag-widder","product_tag-ziehfigur"],"_links":{"self":[{"href":"https:\/\/ls-decoration.com\/hu\/wp-json\/wp\/v2\/product\/193","targetHints":{"allow":["GET"]}}],"collection":[{"href":"https:\/\/ls-decoration.com\/hu\/wp-json\/wp\/v2\/product"}],"about":[{"href":"https:\/\/ls-decoration.com\/hu\/wp-json\/wp\/v2\/types\/product"}],"wp:featuredmedia":[{"embeddable":true,"href":"https:\/\/ls-decoration.com\/hu\/wp-json\/wp\/v2\/media\/194"}],"wp:attachment":[{"href":"https:\/\/ls-decoration.com\/hu\/wp-json\/wp\/v2\/media?parent=193"}],"wp:term":[{"taxonomy":"product_cat","embeddable":true,"href":"https:\/\/ls-decoration.com\/hu\/wp-json\/wp\/v2\/product_cat?post=193"},{"taxonomy":"product_tag","embeddable":true,"href":"https:\/\/ls-decoration.com\/hu\/wp-json\/wp\/v2\/product_tag?post=193"}],"curies":[{"name":"wp","href":"https:\/\/api.w.org\/{rel}","templated":true}]}}