{"id":195,"date":"2019-06-28T15:26:47","date_gmt":"2019-06-28T13:26:47","guid":{"rendered":"https:\/\/ls-decoration.com\/?post_type=product&#038;p=195"},"modified":"2023-03-04T06:25:26","modified_gmt":"2023-03-04T05:25:26","slug":"balance-figur-zwerg-mit-pfeife","status":"publish","type":"product","link":"https:\/\/ls-decoration.com\/hu\/product\/balance-figur-zwerg-mit-pfeife\/","title":{"rendered":"Balansz figura T\u00f6rpe pip\u00e1val"},"content":{"rendered":"","protected":false},"excerpt":{"rendered":"<p>Modell: FUPI001<\/p>\n<p>Magass\u00e1g: 25cm<\/p>\n<p>Anyag: Polikr\u00f3mozott vas<\/p>\n<p>Gy\u00e1rt\u00e1s: K\u00e9zm\u0171ves term\u00e9k<\/p>\n<p>Le\u00edr\u00e1s: Ez a dekorat\u00edv balansz figura egy \u00e9lvezettel pip\u00e1z\u00f3 \u00fcl\u0151 embert \u00e1br\u00e1zol. Ide\u00e1lis kandall\u00f3 d\u00edsz\u00edt\u00e9s\u00e9hez.<\/p>","protected":false},"featured_media":196,"template":"","meta":[],"product_cat":[16],"product_tag":[77,79,113],"class_list":["post-195","product","type-product","status-publish","has-post-thumbnail","hentry","product_cat-balancefiguren","product_tag-kobold","product_tag-maerchenwelt","product_tag-pfeife"],"_links":{"self":[{"href":"https:\/\/ls-decoration.com\/hu\/wp-json\/wp\/v2\/product\/195","targetHints":{"allow":["GET"]}}],"collection":[{"href":"https:\/\/ls-decoration.com\/hu\/wp-json\/wp\/v2\/product"}],"about":[{"href":"https:\/\/ls-decoration.com\/hu\/wp-json\/wp\/v2\/types\/product"}],"wp:featuredmedia":[{"embeddable":true,"href":"https:\/\/ls-decoration.com\/hu\/wp-json\/wp\/v2\/media\/196"}],"wp:attachment":[{"href":"https:\/\/ls-decoration.com\/hu\/wp-json\/wp\/v2\/media?parent=195"}],"wp:term":[{"taxonomy":"product_cat","embeddable":true,"href":"https:\/\/ls-decoration.com\/hu\/wp-json\/wp\/v2\/product_cat?post=195"},{"taxonomy":"product_tag","embeddable":true,"href":"https:\/\/ls-decoration.com\/hu\/wp-json\/wp\/v2\/product_tag?post=195"}],"curies":[{"name":"wp","href":"https:\/\/api.w.org\/{rel}","templated":true}]}}